{"id":7169,"date":"2024-09-30T09:03:56","date_gmt":"2024-09-30T09:03:56","guid":{"rendered":"https:\/\/gpi-group.com\/thank-you-information-request\/"},"modified":"2024-10-01T14:59:14","modified_gmt":"2024-10-01T14:59:14","slug":"podziekowanie-za-wiadomosc-prosba-o-informacje","status":"publish","type":"page","link":"https:\/\/gpi-group.com\/pl\/podziekowanie-za-wiadomosc-prosba-o-informacje\/","title":{"rendered":"Dzi\u0119kuj\u0119 &#8211; wniosek o udzielenie informacji"},"content":{"rendered":"\t\t<div data-elementor-type=\"wp-page\" data-elementor-id=\"7169\" class=\"elementor elementor-7169 elementor-7103\" data-elementor-post-type=\"page\">\n\t\t\t\t<div class=\"elementor-element elementor-element-8f744ec e-con-full e-flex e-con e-parent\" data-id=\"8f744ec\" data-element_type=\"container\" data-settings=\"{&quot;background_background&quot;:&quot;classic&quot;}\">\n\t\t\t\t<div class=\"elementor-element elementor-element-0f5b3ff elementor-widget elementor-widget-gpi-brandbox\" data-id=\"0f5b3ff\" data-element_type=\"widget\" data-widget_type=\"gpi-brandbox.default\">\n\t\t\t\t<div class=\"elementor-widget-container\">\n\t\t\t\n\t\t<div class=\"brandbox\">\n            <div class=\"brandbox-content\">\n                <div class=\"brandbox-content-container\">\n                                            <p id=\"breadcrumbs\"><span><span><a href=\"https:\/\/gpi-group.com\/pl\/\"><i class=\"fas fa-home-lg-alt\"><\/i><\/a><\/span><\/span><\/p>                    \n                                            <h1>Thank you for your message!<\/h1>\n                    \n                                            <p class=\"big-text\">We will send you a conformation e-mail<\/h1>\n                    \n                                    <\/div>\n            <\/div>\n\n            <div class=\"brandbox-image\" style=\"background-image: url(' https:\/\/gpi-group.com\/wp-content\/uploads\/2024\/09\/Gpi-Group.jpg ');\"><\/div>\n        <\/div>\n\n\t\t\t\t<\/div>\n\t\t\t\t<\/div>\n\t\t\t\t<\/div>\n\t\t<div class=\"elementor-element elementor-element-e25d6a4 e-flex e-con-boxed e-con e-parent\" data-id=\"e25d6a4\" data-element_type=\"container\">\n\t\t\t\t\t<div class=\"e-con-inner\">\n\t\t<div class=\"elementor-element elementor-element-6b60196 e-con-full e-flex e-con e-child\" data-id=\"6b60196\" data-element_type=\"container\">\n\t\t\t\t<div class=\"elementor-element elementor-element-5da376e elementor-widget elementor-widget-text-editor\" data-id=\"5da376e\" data-element_type=\"widget\" data-widget_type=\"text-editor.default\">\n\t\t\t\t<div class=\"elementor-widget-container\">\n\t\t\t\t\t\t\t<p>Haven\u2019t received a confirmation e-mail? Please check your spam inbox. In case you have not received this confirmation, please call us.<\/p>\t\t\t\t\t\t<\/div>\n\t\t\t\t<\/div>\n\t\t\t\t<\/div>\n\t\t<div class=\"elementor-element elementor-element-10158a8 e-con-full e-flex e-con e-child\" data-id=\"10158a8\" data-element_type=\"container\">\n\t\t\t\t<\/div>\n\t\t\t\t\t<\/div>\n\t\t\t\t<\/div>\n\t\t\t\t<\/div>\n\t\t","protected":false},"excerpt":{"rendered":"<p>Thank you for your message! We will send you a conformation e-mail Haven\u2019t received a confirmation e-mail? Please check your spam inbox. In case you have not received this confirmation, please call us.<\/p>\n","protected":false},"author":6,"featured_media":7088,"parent":0,"menu_order":0,"comment_status":"closed","ping_status":"closed","template":"elementor_header_footer","meta":{"_acf_changed":false,"footnotes":""},"class_list":["post-7169","page","type-page","status-publish","has-post-thumbnail","hentry"],"acf":[],"yoast_head":"<!-- This site is optimized with the Yoast SEO plugin v27.2 - https:\/\/yoast.com\/product\/yoast-seo-wordpress\/ -->\n<title>Dzi\u0119kujemy za wiadomo\u015b\u0107 | Gpi Group<\/title>\n<meta name=\"description\" content=\"Szukasz zbiornika lub urz\u0105dzenia procesowego? A mo\u017ce chcesz przyj\u015b\u0107 i zobaczy\u0107 produkty, kt\u00f3re mamy w ofercie? Skontaktuj si\u0119 z nami.\" \/>\n<meta name=\"robots\" content=\"index, follow, max-snippet:-1, max-image-preview:large, max-video-preview:-1\" \/>\n<link rel=\"canonical\" href=\"https:\/\/gpi-group.com\/pl\/podziekowanie-za-wiadomosc-prosba-o-informacje\/\" \/>\n<meta property=\"og:locale\" content=\"pl_PL\" \/>\n<meta property=\"og:type\" content=\"article\" \/>\n<meta property=\"og:title\" content=\"Dzi\u0119kujemy za wiadomo\u015b\u0107 | Gpi Group\" \/>\n<meta property=\"og:description\" content=\"Szukasz zbiornika lub urz\u0105dzenia procesowego? A mo\u017ce chcesz przyj\u015b\u0107 i zobaczy\u0107 produkty, kt\u00f3re mamy w ofercie? Skontaktuj si\u0119 z nami.\" \/>\n<meta property=\"og:url\" content=\"https:\/\/gpi-group.com\/pl\/podziekowanie-za-wiadomosc-prosba-o-informacje\/\" \/>\n<meta property=\"og:site_name\" content=\"Gpi Group\" \/>\n<meta property=\"article:modified_time\" content=\"2024-10-01T14:59:14+00:00\" \/>\n<meta property=\"og:image\" content=\"https:\/\/gpi-group.com\/wp-content\/uploads\/2024\/09\/Gpi-Group.jpg\" \/>\n\t<meta property=\"og:image:width\" content=\"1920\" \/>\n\t<meta property=\"og:image:height\" content=\"1280\" \/>\n\t<meta property=\"og:image:type\" content=\"image\/jpeg\" \/>\n<meta name=\"twitter:card\" content=\"summary_large_image\" \/>\n<meta name=\"twitter:label1\" content=\"Szacowany czas czytania\" \/>\n\t<meta name=\"twitter:data1\" content=\"1 minuta\" \/>\n<script type=\"application\/ld+json\" class=\"yoast-schema-graph\">{\"@context\":\"https:\/\/schema.org\",\"@graph\":[{\"@type\":\"WebPage\",\"@id\":\"https:\/\/gpi-group.com\/pl\/podziekowanie-za-wiadomosc-prosba-o-informacje\/\",\"url\":\"https:\/\/gpi-group.com\/pl\/podziekowanie-za-wiadomosc-prosba-o-informacje\/\",\"name\":\"Dzi\u0119kujemy za wiadomo\u015b\u0107 | Gpi Group\",\"isPartOf\":{\"@id\":\"https:\/\/gpi-group.com\/pl\/#website\"},\"primaryImageOfPage\":{\"@id\":\"https:\/\/gpi-group.com\/pl\/podziekowanie-za-wiadomosc-prosba-o-informacje\/#primaryimage\"},\"image\":{\"@id\":\"https:\/\/gpi-group.com\/pl\/podziekowanie-za-wiadomosc-prosba-o-informacje\/#primaryimage\"},\"thumbnailUrl\":\"https:\/\/gpi-group.com\/wp-content\/uploads\/2024\/09\/Gpi-Group.jpg\",\"datePublished\":\"2024-09-30T09:03:56+00:00\",\"dateModified\":\"2024-10-01T14:59:14+00:00\",\"description\":\"Szukasz zbiornika lub urz\u0105dzenia procesowego? A mo\u017ce chcesz przyj\u015b\u0107 i zobaczy\u0107 produkty, kt\u00f3re mamy w ofercie? Skontaktuj si\u0119 z nami.\",\"breadcrumb\":{\"@id\":\"https:\/\/gpi-group.com\/pl\/podziekowanie-za-wiadomosc-prosba-o-informacje\/#breadcrumb\"},\"inLanguage\":\"pl-PL\",\"potentialAction\":[{\"@type\":\"ReadAction\",\"target\":[\"https:\/\/gpi-group.com\/pl\/podziekowanie-za-wiadomosc-prosba-o-informacje\/\"]}]},{\"@type\":\"ImageObject\",\"inLanguage\":\"pl-PL\",\"@id\":\"https:\/\/gpi-group.com\/pl\/podziekowanie-za-wiadomosc-prosba-o-informacje\/#primaryimage\",\"url\":\"https:\/\/gpi-group.com\/wp-content\/uploads\/2024\/09\/Gpi-Group.jpg\",\"contentUrl\":\"https:\/\/gpi-group.com\/wp-content\/uploads\/2024\/09\/Gpi-Group.jpg\",\"width\":1920,\"height\":1280},{\"@type\":\"BreadcrumbList\",\"@id\":\"https:\/\/gpi-group.com\/pl\/podziekowanie-za-wiadomosc-prosba-o-informacje\/#breadcrumb\",\"itemListElement\":[{\"@type\":\"ListItem\",\"position\":1,\"name\":\"\",\"item\":\"https:\/\/gpi-group.com\/pl\/\"},{\"@type\":\"ListItem\",\"position\":2,\"name\":\"Dzi\u0119kuj\u0119 &#8211; wniosek o udzielenie informacji\"}]},{\"@type\":\"WebSite\",\"@id\":\"https:\/\/gpi-group.com\/pl\/#website\",\"url\":\"https:\/\/gpi-group.com\/pl\/\",\"name\":\"Gpi Group\",\"description\":\"\",\"publisher\":{\"@id\":\"https:\/\/gpi-group.com\/pl\/#organization\"},\"potentialAction\":[{\"@type\":\"SearchAction\",\"target\":{\"@type\":\"EntryPoint\",\"urlTemplate\":\"https:\/\/gpi-group.com\/pl\/?s={search_term_string}\"},\"query-input\":{\"@type\":\"PropertyValueSpecification\",\"valueRequired\":true,\"valueName\":\"search_term_string\"}}],\"inLanguage\":\"pl-PL\"},{\"@type\":\"Organization\",\"@id\":\"https:\/\/gpi-group.com\/pl\/#organization\",\"name\":\"Gpi Group\",\"url\":\"https:\/\/gpi-group.com\/pl\/\",\"logo\":{\"@type\":\"ImageObject\",\"inLanguage\":\"pl-PL\",\"@id\":\"https:\/\/gpi-group.com\/pl\/#\/schema\/logo\/image\/\",\"url\":\"https:\/\/gpi-group.com\/wp-content\/uploads\/2023\/07\/Gpi_Group_logo_CMYK_tagline_KLEUR-Copy.png\",\"contentUrl\":\"https:\/\/gpi-group.com\/wp-content\/uploads\/2023\/07\/Gpi_Group_logo_CMYK_tagline_KLEUR-Copy.png\",\"width\":4770,\"height\":1771,\"caption\":\"Gpi Group\"},\"image\":{\"@id\":\"https:\/\/gpi-group.com\/pl\/#\/schema\/logo\/image\/\"}}]}<\/script>\n<!-- \/ Yoast SEO plugin. -->","yoast_head_json":{"title":"Dzi\u0119kujemy za wiadomo\u015b\u0107 | Gpi Group","description":"Szukasz zbiornika lub urz\u0105dzenia procesowego? A mo\u017ce chcesz przyj\u015b\u0107 i zobaczy\u0107 produkty, kt\u00f3re mamy w ofercie? Skontaktuj si\u0119 z nami.","robots":{"index":"index","follow":"follow","max-snippet":"max-snippet:-1","max-image-preview":"max-image-preview:large","max-video-preview":"max-video-preview:-1"},"canonical":"https:\/\/gpi-group.com\/pl\/podziekowanie-za-wiadomosc-prosba-o-informacje\/","og_locale":"pl_PL","og_type":"article","og_title":"Dzi\u0119kujemy za wiadomo\u015b\u0107 | Gpi Group","og_description":"Szukasz zbiornika lub urz\u0105dzenia procesowego? A mo\u017ce chcesz przyj\u015b\u0107 i zobaczy\u0107 produkty, kt\u00f3re mamy w ofercie? Skontaktuj si\u0119 z nami.","og_url":"https:\/\/gpi-group.com\/pl\/podziekowanie-za-wiadomosc-prosba-o-informacje\/","og_site_name":"Gpi Group","article_modified_time":"2024-10-01T14:59:14+00:00","og_image":[{"width":1920,"height":1280,"url":"https:\/\/gpi-group.com\/wp-content\/uploads\/2024\/09\/Gpi-Group.jpg","type":"image\/jpeg"}],"twitter_card":"summary_large_image","twitter_misc":{"Szacowany czas czytania":"1 minuta"},"schema":{"@context":"https:\/\/schema.org","@graph":[{"@type":"WebPage","@id":"https:\/\/gpi-group.com\/pl\/podziekowanie-za-wiadomosc-prosba-o-informacje\/","url":"https:\/\/gpi-group.com\/pl\/podziekowanie-za-wiadomosc-prosba-o-informacje\/","name":"Dzi\u0119kujemy za wiadomo\u015b\u0107 | Gpi Group","isPartOf":{"@id":"https:\/\/gpi-group.com\/pl\/#website"},"primaryImageOfPage":{"@id":"https:\/\/gpi-group.com\/pl\/podziekowanie-za-wiadomosc-prosba-o-informacje\/#primaryimage"},"image":{"@id":"https:\/\/gpi-group.com\/pl\/podziekowanie-za-wiadomosc-prosba-o-informacje\/#primaryimage"},"thumbnailUrl":"https:\/\/gpi-group.com\/wp-content\/uploads\/2024\/09\/Gpi-Group.jpg","datePublished":"2024-09-30T09:03:56+00:00","dateModified":"2024-10-01T14:59:14+00:00","description":"Szukasz zbiornika lub urz\u0105dzenia procesowego? A mo\u017ce chcesz przyj\u015b\u0107 i zobaczy\u0107 produkty, kt\u00f3re mamy w ofercie? Skontaktuj si\u0119 z nami.","breadcrumb":{"@id":"https:\/\/gpi-group.com\/pl\/podziekowanie-za-wiadomosc-prosba-o-informacje\/#breadcrumb"},"inLanguage":"pl-PL","potentialAction":[{"@type":"ReadAction","target":["https:\/\/gpi-group.com\/pl\/podziekowanie-za-wiadomosc-prosba-o-informacje\/"]}]},{"@type":"ImageObject","inLanguage":"pl-PL","@id":"https:\/\/gpi-group.com\/pl\/podziekowanie-za-wiadomosc-prosba-o-informacje\/#primaryimage","url":"https:\/\/gpi-group.com\/wp-content\/uploads\/2024\/09\/Gpi-Group.jpg","contentUrl":"https:\/\/gpi-group.com\/wp-content\/uploads\/2024\/09\/Gpi-Group.jpg","width":1920,"height":1280},{"@type":"BreadcrumbList","@id":"https:\/\/gpi-group.com\/pl\/podziekowanie-za-wiadomosc-prosba-o-informacje\/#breadcrumb","itemListElement":[{"@type":"ListItem","position":1,"name":"","item":"https:\/\/gpi-group.com\/pl\/"},{"@type":"ListItem","position":2,"name":"Dzi\u0119kuj\u0119 &#8211; wniosek o udzielenie informacji"}]},{"@type":"WebSite","@id":"https:\/\/gpi-group.com\/pl\/#website","url":"https:\/\/gpi-group.com\/pl\/","name":"Gpi Group","description":"","publisher":{"@id":"https:\/\/gpi-group.com\/pl\/#organization"},"potentialAction":[{"@type":"SearchAction","target":{"@type":"EntryPoint","urlTemplate":"https:\/\/gpi-group.com\/pl\/?s={search_term_string}"},"query-input":{"@type":"PropertyValueSpecification","valueRequired":true,"valueName":"search_term_string"}}],"inLanguage":"pl-PL"},{"@type":"Organization","@id":"https:\/\/gpi-group.com\/pl\/#organization","name":"Gpi Group","url":"https:\/\/gpi-group.com\/pl\/","logo":{"@type":"ImageObject","inLanguage":"pl-PL","@id":"https:\/\/gpi-group.com\/pl\/#\/schema\/logo\/image\/","url":"https:\/\/gpi-group.com\/wp-content\/uploads\/2023\/07\/Gpi_Group_logo_CMYK_tagline_KLEUR-Copy.png","contentUrl":"https:\/\/gpi-group.com\/wp-content\/uploads\/2023\/07\/Gpi_Group_logo_CMYK_tagline_KLEUR-Copy.png","width":4770,"height":1771,"caption":"Gpi Group"},"image":{"@id":"https:\/\/gpi-group.com\/pl\/#\/schema\/logo\/image\/"}}]}},"_links":{"self":[{"href":"https:\/\/gpi-group.com\/pl\/wp-json\/wp\/v2\/pages\/7169","targetHints":{"allow":["GET"]}}],"collection":[{"href":"https:\/\/gpi-group.com\/pl\/wp-json\/wp\/v2\/pages"}],"about":[{"href":"https:\/\/gpi-group.com\/pl\/wp-json\/wp\/v2\/types\/page"}],"author":[{"embeddable":true,"href":"https:\/\/gpi-group.com\/pl\/wp-json\/wp\/v2\/users\/6"}],"replies":[{"embeddable":true,"href":"https:\/\/gpi-group.com\/pl\/wp-json\/wp\/v2\/comments?post=7169"}],"version-history":[{"count":1,"href":"https:\/\/gpi-group.com\/pl\/wp-json\/wp\/v2\/pages\/7169\/revisions"}],"predecessor-version":[{"id":7170,"href":"https:\/\/gpi-group.com\/pl\/wp-json\/wp\/v2\/pages\/7169\/revisions\/7170"}],"wp:featuredmedia":[{"embeddable":true,"href":"https:\/\/gpi-group.com\/pl\/wp-json\/wp\/v2\/media\/7088"}],"wp:attachment":[{"href":"https:\/\/gpi-group.com\/pl\/wp-json\/wp\/v2\/media?parent=7169"}],"curies":[{"name":"wp","href":"https:\/\/api.w.org\/{rel}","templated":true}]}}